{"id":1721,"date":"2019-07-04T11:43:32","date_gmt":"2019-07-04T11:43:32","guid":{"rendered":"https:\/\/najdihojca.si\/o-nas\/"},"modified":"2020-12-09T13:41:56","modified_gmt":"2020-12-09T12:41:56","slug":"about-us","status":"publish","type":"page","link":"https:\/\/najdihojca.si\/en\/about-us\/","title":{"rendered":"About us"},"content":{"rendered":"<!DOCTYPE html PUBLIC \"-\/\/W3C\/\/DTD HTML 4.0 Transitional\/\/EN\" \"http:\/\/www.w3.org\/TR\/REC-html40\/loose.dtd\">\n<html><body><h1>\n\t\tABOUT US\n\t<\/h1>\n\t\t<h2>\n\t\t\tInformation about kindergarten najdihojca\n\t\t<\/h2>\n\t\t\t<p>In our kindergarten children have the opportunity to meet their needs for security, acceptance and inclusion in the community, and with our support they are able to find their own path and their early, active and research learning. We are encouraging the development of critical and creative thinking and autonomy, radiance and imagination.We offer children activities that will enable them to develop knowledge, skills, attitudes and habits of globally minded citizens.<\/p>\t\t\n\t<a href=\"https:\/\/najdihojca.si\/en\/contacts\/\" target=\"_self\" role=\"button\" aria-label=\"Contact us\" rel=\"noopener noreferrer\">\n\t\t\t\tContact us\n\t\t\t<\/a>\n\t\t\t\t<img decoding=\"async\" src=\"https:\/\/najdihojca.si\/wp-content\/uploads\/2019\/07\/d0600633-de1d-4bd3-911d-95f6daf78fbb.jpg\" alt=\"d0600633-de1d-4bd3-911d-95f6daf78fbb\" itemprop=\"image\" height=\"338\" width=\"451\" title=\"d0600633-de1d-4bd3-911d-95f6daf78fbb\" onerror=\"this.style.display='none'\">\n\t\t\t\t<img decoding=\"async\" src=\"https:\/\/najdihojca.si\/wp-content\/uploads\/2019\/07\/18e68f41-ecec-4843-ab0e-c3d4abfaf078-1.jpg\" alt=\"18e68f41-ecec-4843-ab0e-c3d4abfaf078\" itemprop=\"image\" height=\"212\" width=\"600\" title=\"18e68f41-ecec-4843-ab0e-c3d4abfaf078\" onerror=\"this.style.display='none'\">\n\t\t<h3>\n\t\t\tOur values\n\t\t<\/h3>\n\t\t\t<p>All the staff in our kindergarten works together as a team, to provide high quality care for children and adults wellbeing. We are innovative and creative when forming and implementing our programs that are based on the National Curriculum for Preschools.<\/p>\t\t\n\t\t\t\t<a href=\"https:\/\/najdihojca.si\/wp-content\/uploads\/2019\/07\/4074a76d-2845-42cb-81e1-3f0f78c9b250.jpg\" data-fancybox=\"images\" title=\"4074a76d-2845-42cb-81e1-3f0f78c9b250\" data-caption=\"\" data-description=\"\" itemprop=\"contentUrl\" aria-label=\"Https:\/\/najdihojca.si\/wp content\/uploads\/2019\/07\/4074a76d 2845 42cb 81e1 3f0f78c9b250.jpg\">\n\t\t<img decoding=\"async\" src=\"https:\/\/najdihojca.si\/wp-content\/uploads\/2019\/07\/4074a76d-2845-42cb-81e1-3f0f78c9b250.jpg\" alt=\"\" data-no-lazy=\"1\" itemprop=\"thumbnail\">\n\t\t\t<!-- Overlay Wrapper -->\n\t\t\t <!-- Overlay Wrapper Closed -->\n\t\t\t\t<\/a>\n\t\t\t\t\t\t\t<meta itemprop=\"width\" content=\"800\">\n\t\t\t<meta itemprop=\"height\" content=\"500\">\n\t\t\t\t<a href=\"https:\/\/najdihojca.si\/wp-content\/uploads\/2019\/07\/5225bb51-0ef6-42b5-8571-2b549faee9a1.jpg\" data-fancybox=\"images\" title=\"5225bb51-0ef6-42b5-8571-2b549faee9a1\" data-caption=\"\" data-description=\"\" itemprop=\"contentUrl\" aria-label=\"Https:\/\/najdihojca.si\/wp content\/uploads\/2019\/07\/5225bb51 0ef6 42b5 8571 2b549faee9a1.jpg\">\n\t\t<img decoding=\"async\" src=\"https:\/\/najdihojca.si\/wp-content\/uploads\/2019\/07\/5225bb51-0ef6-42b5-8571-2b549faee9a1.jpg\" alt=\"\" data-no-lazy=\"1\" itemprop=\"thumbnail\">\n\t\t\t<!-- Overlay Wrapper -->\n\t\t\t <!-- Overlay Wrapper Closed -->\n\t\t\t\t<\/a>\n\t\t\t\t\t\t\t<meta itemprop=\"width\" content=\"784\">\n\t\t\t<meta itemprop=\"height\" content=\"588\">\n\t\t\t\t<a href=\"https:\/\/najdihojca.si\/wp-content\/uploads\/2019\/07\/0c8adc11-d2b2-46a0-bc67-eb3bae7e9d2d.jpg\" data-fancybox=\"images\" title=\"0c8adc11-d2b2-46a0-bc67-eb3bae7e9d2d\" data-caption=\"\" data-description=\"\" itemprop=\"contentUrl\" aria-label=\"Https:\/\/najdihojca.si\/wp content\/uploads\/2019\/07\/0c8adc11 d2b2 46a0 bc67 eb3bae7e9d2d.jpg\">\n\t\t<img decoding=\"async\" src=\"https:\/\/najdihojca.si\/wp-content\/uploads\/2019\/07\/0c8adc11-d2b2-46a0-bc67-eb3bae7e9d2d.jpg\" alt=\"\" data-no-lazy=\"1\" itemprop=\"thumbnail\">\n\t\t\t<!-- Overlay Wrapper -->\n\t\t\t <!-- Overlay Wrapper Closed -->\n\t\t\t\t<\/a>\n\t\t\t\t\t\t\t<meta itemprop=\"width\" content=\"667\">\n\t\t\t<meta itemprop=\"height\" content=\"500\">\n\t\t\t\t<a href=\"https:\/\/najdihojca.si\/wp-content\/uploads\/2019\/07\/3ce6cc0b-7c26-407e-aeb9-bd9fcdeeff4f.jpg\" data-fancybox=\"images\" title=\"3ce6cc0b-7c26-407e-aeb9-bd9fcdeeff4f\" data-caption=\"\" data-description=\"\" itemprop=\"contentUrl\" aria-label=\"Https:\/\/najdihojca.si\/wp content\/uploads\/2019\/07\/3ce6cc0b 7c26 407e aeb9 bd9fcdeeff4f.jpg\">\n\t\t<img decoding=\"async\" src=\"https:\/\/najdihojca.si\/wp-content\/uploads\/2019\/07\/3ce6cc0b-7c26-407e-aeb9-bd9fcdeeff4f.jpg\" alt=\"\" data-no-lazy=\"1\" itemprop=\"thumbnail\">\n\t\t\t<!-- Overlay Wrapper -->\n\t\t\t <!-- Overlay Wrapper Closed -->\n\t\t\t\t<\/a>\n\t\t\t\t\t\t\t<meta itemprop=\"width\" content=\"1000\">\n\t\t\t<meta itemprop=\"height\" content=\"750\">\n\t\t\t\t<a href=\"https:\/\/najdihojca.si\/wp-content\/uploads\/2019\/07\/6b620192-b150-4dd3-9808-36b78545f961.jpg\" data-fancybox=\"images\" title=\"6b620192-b150-4dd3-9808-36b78545f961\" data-caption=\"\" data-description=\"\" itemprop=\"contentUrl\" aria-label=\"Https:\/\/najdihojca.si\/wp content\/uploads\/2019\/07\/6b620192 b150 4dd3 9808 36b78545f961.jpg\">\n\t\t<img decoding=\"async\" src=\"https:\/\/najdihojca.si\/wp-content\/uploads\/2019\/07\/6b620192-b150-4dd3-9808-36b78545f961.jpg\" alt=\"\" data-no-lazy=\"1\" itemprop=\"thumbnail\">\n\t\t\t<!-- Overlay Wrapper -->\n\t\t\t <!-- Overlay Wrapper Closed -->\n\t\t\t\t<\/a>\n\t\t\t\t\t\t\t<meta itemprop=\"width\" content=\"1000\">\n\t\t\t<meta itemprop=\"height\" content=\"750\">\n\t\t\t\t<a href=\"https:\/\/najdihojca.si\/wp-content\/uploads\/2019\/07\/5b7005a8-8a80-4295-8178-1af81f1a0079.jpg\" data-fancybox=\"images\" title=\"5b7005a8-8a80-4295-8178-1af81f1a0079\" data-caption=\"\" data-description=\"\" itemprop=\"contentUrl\" aria-label=\"Https:\/\/najdihojca.si\/wp content\/uploads\/2019\/07\/5b7005a8 8a80 4295 8178 1af81f1a0079.jpg\">\n\t\t<img decoding=\"async\" src=\"https:\/\/najdihojca.si\/wp-content\/uploads\/2019\/07\/5b7005a8-8a80-4295-8178-1af81f1a0079.jpg\" alt=\"\" data-no-lazy=\"1\" itemprop=\"thumbnail\">\n\t\t\t<!-- Overlay Wrapper -->\n\t\t\t <!-- Overlay Wrapper Closed -->\n\t\t\t\t<\/a>\n\t\t\t\t\t\t\t<meta itemprop=\"width\" content=\"784\">\n\t\t\t<meta itemprop=\"height\" content=\"588\">\n\t<\/body><\/html>\n","protected":false},"excerpt":{"rendered":"<p>ABOUT US Information about kindergarten najdihojca In our kindergarten children have the opportunity to meet their needs for security, acceptance and inclusion in the community, and with our support they are able to find their own path and their early, active and research learning. We are encouraging the development of critical and creative thinking and&hellip;<\/p>\n","protected":false},"author":1,"featured_media":0,"parent":0,"menu_order":0,"comment_status":"closed","ping_status":"closed","template":"","meta":[],"yoast_head":"<!-- This site is optimized with the Yoast SEO plugin v20.5 - https:\/\/yoast.com\/wordpress\/plugins\/seo\/ -->\n<title>About us - Vrtec Najdihojca<\/title>\n<meta name=\"description\" content=\"Vrtec ustvarjamo vsi mi, star\u0161i, otroci, vzgojitelji. Smo prijazen vrtec, ki s sodobnimi pristopi dajemo otrokom popotnico za modri jutri. Obi\u0161\u010dite nas.\" \/>\n<meta name=\"robots\" content=\"index, follow, max-snippet:-1, max-image-preview:large, max-video-preview:-1\" \/>\n<link rel=\"canonical\" href=\"https:\/\/najdihojca.si\/en\/about-us\/\" \/>\n<meta property=\"og:locale\" content=\"en_US\" \/>\n<meta property=\"og:type\" content=\"article\" \/>\n<meta property=\"og:title\" content=\"About us - Vrtec Najdihojca\" \/>\n<meta property=\"og:description\" content=\"Vrtec ustvarjamo vsi mi, star\u0161i, otroci, vzgojitelji. Smo prijazen vrtec, ki s sodobnimi pristopi dajemo otrokom popotnico za modri jutri. Obi\u0161\u010dite nas.\" \/>\n<meta property=\"og:url\" content=\"https:\/\/najdihojca.si\/en\/about-us\/\" \/>\n<meta property=\"og:site_name\" content=\"Vrtec Najdihojca\" \/>\n<meta property=\"article:modified_time\" content=\"2020-12-09T12:41:56+00:00\" \/>\n<meta property=\"og:image\" content=\"https:\/\/najdihojca.si\/wp-content\/uploads\/2019\/07\/d0600633-de1d-4bd3-911d-95f6daf78fbb.jpg\" \/>\n<meta name=\"twitter:card\" content=\"summary_large_image\" \/>\n<meta name=\"twitter:label1\" content=\"Est. reading time\" \/>\n\t<meta name=\"twitter:data1\" content=\"1 minute\" \/>\n<script type=\"application\/ld+json\" class=\"yoast-schema-graph\">{\"@context\":\"https:\/\/schema.org\",\"@graph\":[{\"@type\":\"WebPage\",\"@id\":\"https:\/\/najdihojca.si\/en\/about-us\/\",\"url\":\"https:\/\/najdihojca.si\/en\/about-us\/\",\"name\":\"About us - Vrtec Najdihojca\",\"isPartOf\":{\"@id\":\"https:\/\/najdihojca.si\/#website\"},\"datePublished\":\"2019-07-04T11:43:32+00:00\",\"dateModified\":\"2020-12-09T12:41:56+00:00\",\"description\":\"Vrtec ustvarjamo vsi mi, star\u0161i, otroci, vzgojitelji. Smo prijazen vrtec, ki s sodobnimi pristopi dajemo otrokom popotnico za modri jutri. Obi\u0161\u010dite nas.\",\"breadcrumb\":{\"@id\":\"https:\/\/najdihojca.si\/en\/about-us\/#breadcrumb\"},\"inLanguage\":\"en-US\",\"potentialAction\":[{\"@type\":\"ReadAction\",\"target\":[\"https:\/\/najdihojca.si\/en\/about-us\/\"]}]},{\"@type\":\"BreadcrumbList\",\"@id\":\"https:\/\/najdihojca.si\/en\/about-us\/#breadcrumb\",\"itemListElement\":[{\"@type\":\"ListItem\",\"position\":1,\"name\":\"Home\",\"item\":\"https:\/\/najdihojca.si\/en\/\"},{\"@type\":\"ListItem\",\"position\":2,\"name\":\"About us\"}]},{\"@type\":\"WebSite\",\"@id\":\"https:\/\/najdihojca.si\/#website\",\"url\":\"https:\/\/najdihojca.si\/\",\"name\":\"Vrtec Najdihojca\",\"description\":\"Javno vzgojno-izobra\u017eevalni zavod s sodobnimi pristopi\",\"potentialAction\":[{\"@type\":\"SearchAction\",\"target\":{\"@type\":\"EntryPoint\",\"urlTemplate\":\"https:\/\/najdihojca.si\/?s={search_term_string}\"},\"query-input\":\"required name=search_term_string\"}],\"inLanguage\":\"en-US\"}]}<\/script>\n<!-- \/ Yoast SEO plugin. -->","yoast_head_json":{"title":"About us - Vrtec Najdihojca","description":"Vrtec ustvarjamo vsi mi, star\u0161i, otroci, vzgojitelji. Smo prijazen vrtec, ki s sodobnimi pristopi dajemo otrokom popotnico za modri jutri. Obi\u0161\u010dite nas.","robots":{"index":"index","follow":"follow","max-snippet":"max-snippet:-1","max-image-preview":"max-image-preview:large","max-video-preview":"max-video-preview:-1"},"canonical":"https:\/\/najdihojca.si\/en\/about-us\/","og_locale":"en_US","og_type":"article","og_title":"About us - Vrtec Najdihojca","og_description":"Vrtec ustvarjamo vsi mi, star\u0161i, otroci, vzgojitelji. Smo prijazen vrtec, ki s sodobnimi pristopi dajemo otrokom popotnico za modri jutri. Obi\u0161\u010dite nas.","og_url":"https:\/\/najdihojca.si\/en\/about-us\/","og_site_name":"Vrtec Najdihojca","article_modified_time":"2020-12-09T12:41:56+00:00","og_image":[{"url":"https:\/\/najdihojca.si\/wp-content\/uploads\/2019\/07\/d0600633-de1d-4bd3-911d-95f6daf78fbb.jpg"}],"twitter_card":"summary_large_image","twitter_misc":{"Est. reading time":"1 minute"},"schema":{"@context":"https:\/\/schema.org","@graph":[{"@type":"WebPage","@id":"https:\/\/najdihojca.si\/en\/about-us\/","url":"https:\/\/najdihojca.si\/en\/about-us\/","name":"About us - Vrtec Najdihojca","isPartOf":{"@id":"https:\/\/najdihojca.si\/#website"},"datePublished":"2019-07-04T11:43:32+00:00","dateModified":"2020-12-09T12:41:56+00:00","description":"Vrtec ustvarjamo vsi mi, star\u0161i, otroci, vzgojitelji. Smo prijazen vrtec, ki s sodobnimi pristopi dajemo otrokom popotnico za modri jutri. Obi\u0161\u010dite nas.","breadcrumb":{"@id":"https:\/\/najdihojca.si\/en\/about-us\/#breadcrumb"},"inLanguage":"en-US","potentialAction":[{"@type":"ReadAction","target":["https:\/\/najdihojca.si\/en\/about-us\/"]}]},{"@type":"BreadcrumbList","@id":"https:\/\/najdihojca.si\/en\/about-us\/#breadcrumb","itemListElement":[{"@type":"ListItem","position":1,"name":"Home","item":"https:\/\/najdihojca.si\/en\/"},{"@type":"ListItem","position":2,"name":"About us"}]},{"@type":"WebSite","@id":"https:\/\/najdihojca.si\/#website","url":"https:\/\/najdihojca.si\/","name":"Vrtec Najdihojca","description":"Javno vzgojno-izobra\u017eevalni zavod s sodobnimi pristopi","potentialAction":[{"@type":"SearchAction","target":{"@type":"EntryPoint","urlTemplate":"https:\/\/najdihojca.si\/?s={search_term_string}"},"query-input":"required name=search_term_string"}],"inLanguage":"en-US"}]}},"_links":{"self":[{"href":"https:\/\/najdihojca.si\/en\/wp-json\/wp\/v2\/pages\/1721"}],"collection":[{"href":"https:\/\/najdihojca.si\/en\/wp-json\/wp\/v2\/pages"}],"about":[{"href":"https:\/\/najdihojca.si\/en\/wp-json\/wp\/v2\/types\/page"}],"author":[{"embeddable":true,"href":"https:\/\/najdihojca.si\/en\/wp-json\/wp\/v2\/users\/1"}],"replies":[{"embeddable":true,"href":"https:\/\/najdihojca.si\/en\/wp-json\/wp\/v2\/comments?post=1721"}],"version-history":[{"count":9,"href":"https:\/\/najdihojca.si\/en\/wp-json\/wp\/v2\/pages\/1721\/revisions"}],"predecessor-version":[{"id":3416,"href":"https:\/\/najdihojca.si\/en\/wp-json\/wp\/v2\/pages\/1721\/revisions\/3416"}],"wp:attachment":[{"href":"https:\/\/najdihojca.si\/en\/wp-json\/wp\/v2\/media?parent=1721"}],"curies":[{"name":"wp","href":"https:\/\/api.w.org\/{rel}","templated":true}]}}