{"id":1722,"date":"2019-07-04T11:43:17","date_gmt":"2019-07-04T11:43:17","guid":{"rendered":"https:\/\/najdihojca.si\/kontakti\/"},"modified":"2021-01-21T18:05:16","modified_gmt":"2021-01-21T17:05:16","slug":"contacts","status":"publish","type":"page","link":"https:\/\/najdihojca.si\/en\/contacts\/","title":{"rendered":"Contacts"},"content":{"rendered":"<!DOCTYPE html PUBLIC \"-\/\/W3C\/\/DTD HTML 4.0 Transitional\/\/EN\" \"http:\/\/www.w3.org\/TR\/REC-html40\/loose.dtd\">\n<html><body><h1>\n\t\tCONTACTS\n\t<\/h1>\n\t\nGorazdova ulica 6, 1000 Ljubljana, Slovenija<br>\nTelefon: <a href=\"tel:015155920\" aria-label=\"Tel:015155920\">01 515 59 20<\/a>, Faks: <a href=\"tel:015155920\" aria-label=\"Tel:015155920\">01 515 59 20<\/a><br>\n<a href=\"mailto:vrtec@najdihojca.si\" aria-label=\"Mailto:vrtec@najdihojca.si\">vrtec@najdihojca.si<\/a>\n<strong>Basic company data:<\/strong><br>\nTax number: SI13051571<br>\nRegistration number: 5050219000<br>\nRegistration number:: 5525026174<br>\nActivity code:&nbsp; 85.100<br>\nTRR: 01261-6030637635<br>\nPIC: 942861147\n<p>OID: E10067455<\/p>\n\t<strong>DIRECTOR: ANDREJA &Scaron;KVAR&#268;<\/strong><br>\nTelefon: 01 505 74 91<br>\ne-po&scaron;ta:&nbsp;<a href=\"mailto:andreja.skvarc@najdihojca.si\" aria-label=\"Mailto:andreja.skvarc@najdihojca.si\">andreja.skvarc@najdihojca.si<\/a>\n<p>Office hours: 9.00- 12.00 and 13.00 &ndash; 14.00 by prior arrangament<\/p>\n<strong>ASSISTANT DIRECTOR (Biba): MATEJA LI&#268;EN<\/strong><br>\nTelefon: 01 505 73 11, 041 362 355<br>\ne-po&scaron;ta:&nbsp;<a href=\"mailto:mateja.licen@najdihojca.si\" aria-label=\"Mailto:mateja.licen@najdihojca.si\">mateja.licen@najdihojca.si<\/a><br>\nOffice hours: 9.00- 12.00 and 13.00 &ndash; 14.00 by prior arrangament\n<strong>ASSISTANT DIRECTOR&nbsp; (for unit Pal&#269;ek and &#268;en&#269;a): ALENKA GRO&Scaron;ELJ<\/strong><br>\nTelefon: 01 515 59 20, 041 362 356<br>\ne-po&scaron;ta:<a href=\"Mailto:alenka.groselj@najdihojca.si\" aria-label=\"Mailto:alenka.groselj@najdihojca.si\">&nbsp;alenka.groselj@najdihojca.si<\/a><br>\nOffice hours: 9.00- 12.00 and 13.00 &ndash; 14.00 by prior arrangament\n<p>&nbsp;<\/p>\n<strong>COUNSELLING SERVICE: BO&#381;ENA STRITIH<\/strong><br>\nTelefon: 01 519 30 31, 031 686 848<br>\ne-po&scaron;ta:&nbsp;<a href=\"mailto:bozena.stritih@najdihojca.si\" aria-label=\"Mailto:bozena.stritih@najdihojca.si\">bozena.stritih@najdihojca.si<\/a><br>\nOffice hours: 7.00 -15.00 by prior arrangament.\n<strong>CHILDREN ENROLLMENT: DARJA KREBELJ<\/strong><br>\nTelefon: 01 505 72 75, 041 312 955<br>\ne-po&scaron;ta:&nbsp;<a href=\"mailto:darja.krebelj@najdihojca.si\" aria-label=\"Mailto:darja.krebelj@najdihojca.si\">darja.krebelj@najdihojca.si<\/a><br>\nOffice hours: 7.00 -15.00 by prior arrangament\n<strong>NUTRITION AND HYGIENE REGIME ORGANIZER: MARKO MEGLI&#268;<\/strong><br>\nTelefon: 01 515 59 25, 041 773 082<br>\ne-po&scaron;ta:&nbsp;<a href=\"mailto:marko.meglic@najdihojca.si\" aria-label=\"Mailto:marko.meglic@najdihojca.si\">marko.meglic@najdihojca.si<\/a><br>\nOffice hours: 7.00 -15.00 by prior arrangament\n<strong>SECRETARY: NINA KLATZER <\/strong><br>\nTelefon: 01 515 59 20<br>\ne-po&scaron;ta:<a href=\"mailto:%20vrtec@najdihojca.si\" aria-label=\"Mailto:%20vrtec@najdihojca.si\"> vrtec@najdihojca.si<\/a><br>\nOffice hours: 9.00- 12.00 and 13.00 &ndash; 14.00 by prior arrangament\n<strong>ACCOUNTANT: NATA&Scaron;A KO&Scaron;IR<\/strong><br>\nTelefon: 01 515 00 30<br>\ne-po&scaron;ta:&nbsp;<a href=\"mailto:natasa.kosir@najdihojca.si\" aria-label=\"Mailto:natasa.kosir@najdihojca.si\">natasa.kosir@najdihojca.si<\/a><br>\nOffice hours: 9.00- 12.00 and 13.00 &ndash; 14.00\n<strong>ACCOUNTANT: MAJA JAKOVLJEVI&#262;<\/strong><br>\nTelefon: 01 515 00 30<br>\ne-po&scaron;ta:&nbsp;<a href=\"mailto:oskrbnine@najdihojca.si\" aria-label=\"Mailto:oskrbnine@najdihojca.si\">oskrbnine@najdihojca.si<\/a>\n<strong>ACCOUNTANT: MATEJA BO&#381;I&#268;<\/strong><br>\nTelefon: 01 515 00 30<br>\ne-po&scaron;ta:&nbsp;<a href=\"mailto:mateja.bozic@najdihojca.si\" aria-label=\"Mailto:mateja.bozic@najdihojca.si\">mateja.bozic@najdihojca.si<\/a>\n\t\n<strong>Pal&#269;ek:<\/strong> Gorazdova ulica 6, Ljubljana<br>\n<strong>Dislocated unit Kebetova<\/strong>: Kebetova ulica 30, Ljubljana<br>\n<strong>Biba:<\/strong> Ljubeljska ulica 16, Ljubljana<br>\n<strong>Dislocated unit<\/strong>: Ulica Alme Sodnik 30, Ljubljana<br>\n<strong>Dislocated unit Aeternia<\/strong>: Gorazdova ulica 19, Ljubljana<br>\n<strong>&#268;en&#269;a:<\/strong> Lepodvorska ulica 5, Ljubljana\n<h2>\n\t\tSend inquiry\n\t<\/h2>\n<form>\n\t<input type=\"hidden\" name=\"fl-layout-id\" value=\"1722\">\n    <h3>\n\t\t<\/h3>\n\t\n\t\t\n    \t\t<label for=\"pp-name-\">Name<\/label>\n    \t\tPlease enter your name.\n    \t\t<input type=\"text\" name=\"pp-name\" id=\"pp-name-\" value=\"\" placeholder=\"Name\">\n    \t\t<label for=\"pp-email-\">Email<\/label>\n    \t\tPlease enter a valid email.\n    \t\t<input type=\"email\" name=\"pp-email\" id=\"pp-email-\" value=\"\" placeholder=\"Email\">\n    \t\t<label for=\"pp-phone-\">Telefon<\/label>\n    \t\tPlease enter a valid phone number.\n    \t\t<input type=\"tel\" name=\"pp-phone\" id=\"pp-phone-\" value=\"\" placeholder=\"Telefon\">\n    \t\t<label for=\"pp-subject-\">Subject<\/label>\n    \t\tPlease enter a subject.\n    \t\t<input type=\"text\" name=\"pp-subject\" id=\"pp-subject-\" value=\"\" placeholder=\"Subject\">\n    \t\t<label for=\"pp-message-\">Message<\/label>\n    \t\tPlease enter a message.\n    \t\t<textarea name=\"pp-message\" id=\"pp-message-\" placeholder=\"Message\"><\/textarea>\n\t\t<input type=\"checkbox\" name=\"pp-checkbox\" id=\"pp-checkbox_\" value=\"1\">\n\t\t<label for=\"pp-checkbox_\">I agree with the <a traget=\"_blank\" href=\"\/general-data-protection\" aria-label=\"General data protection\">personal data protection policy <\/a> and am aware of the rights I have under the General Data Protection Regulation.<\/label>\n\t\tPlease check this field.\n    \t<a href=\"#\" target=\"_self\" role=\"button\" rel=\"noopener\" aria-label=\"#\">\n    \t\t    \t\t    \t\tSend\n    \t\t    \t\t    \t<\/a>\n\t\t\tMessage failed. Please try again.\n<\/form>\n  <p>Thanks for your message! We&rsquo;ll be in touch soon.<\/p>\n\t\n\t\t\t\t<a href=\"https:\/\/www.etwinning.net\/sl\/pub\/index.htm\" target=\"_blank\" rel=\"noopener\" itemprop=\"url\" aria-label=\"Https:\/\/www.etwinning.net\/sl\/pub\/index.htm\">\n\t\t\t\t<img decoding=\"async\" src=\"https:\/\/najdihojca.si\/wp-content\/uploads\/2019\/07\/f6a5307b-d7ac-463e-8be1-b4b06e2e80b1.png\" alt=\"f6a5307b-d7ac-463e-8be1-b4b06e2e80b1\" itemprop=\"image\" height=\"136\" width=\"261\" title=\"f6a5307b-d7ac-463e-8be1-b4b06e2e80b1\" onerror=\"this.style.display='none'\">\n\t\t\t\t<\/a>\n\t\t\t\t<a href=\"https:\/\/www.facebook.com\/groups\/1727721567550674\/\" target=\"_blank\" rel=\"noopener\" itemprop=\"url\" aria-label=\"Https:\/\/www.facebook.com\/groups\/1727721567550674\">\n\t\t\t\t<img decoding=\"async\" src=\"https:\/\/najdihojca.si\/wp-content\/uploads\/2019\/07\/698df8a7-d709-4ad6-bd09-d0335dd11c5c.png\" alt=\"698df8a7-d709-4ad6-bd09-d0335dd11c5c\" itemprop=\"image\" height=\"130\" width=\"259\" title=\"698df8a7-d709-4ad6-bd09-d0335dd11c5c\" onerror=\"this.style.display='none'\">\n\t\t\t\t<\/a>\n\t\t\t\t<a href=\"https:\/\/www.nijz.si\/sl\/programi\/varno-s-soncem\" target=\"_blank\" rel=\"noopener\" itemprop=\"url\" aria-label=\"Https:\/\/www.nijz.si\/sl\/programi\/varno s soncem\">\n\t\t\t\t<img decoding=\"async\" src=\"https:\/\/najdihojca.si\/wp-content\/uploads\/2019\/07\/2c173b02-b4a2-438c-8fd7-a272a52c48de.png\" alt=\"2c173b02-b4a2-438c-8fd7-a272a52c48de\" itemprop=\"image\" height=\"126\" width=\"259\" title=\"2c173b02-b4a2-438c-8fd7-a272a52c48de\" onerror=\"this.style.display='none'\">\n\t\t\t\t<\/a>\n\t\t\t\t<a href=\"http:\/\/www.gozdnivrtec.si\/sl\/\" target=\"_blank\" rel=\"noopener\" itemprop=\"url\" aria-label=\"Http:\/\/www.gozdnivrtec.si\/sl\">\n\t\t\t\t<img decoding=\"async\" src=\"https:\/\/najdihojca.si\/wp-content\/uploads\/2019\/07\/52b051fc-8343-4651-9881-bf4403f4bd1c.png\" alt=\"52b051fc-8343-4651-9881-bf4403f4bd1c\" itemprop=\"image\" height=\"135\" width=\"259\" title=\"52b051fc-8343-4651-9881-bf4403f4bd1c\" onerror=\"this.style.display='none'\">\n\t\t\t\t<\/a>\n\t\t\t\t<a href=\"https:\/\/www.sportmladih.net\/programi_som\/mali_soncek\" target=\"_blank\" rel=\"noopener\" itemprop=\"url\" aria-label=\"Https:\/\/www.sportmladih.net\/programi_som\/mali_soncek\">\n\t\t\t\t<img decoding=\"async\" src=\"https:\/\/najdihojca.si\/wp-content\/uploads\/2019\/07\/b3ad7e53-5d53-4baf-aad8-9d4f61754270.png\" alt=\"b3ad7e53-5d53-4baf-aad8-9d4f61754270\" itemprop=\"image\" height=\"135\" width=\"259\" title=\"b3ad7e53-5d53-4baf-aad8-9d4f61754270\" onerror=\"this.style.display='none'\">\n\t\t\t\t<\/a>\n\t\t\t\t<a href=\"http:\/\/www.erasmusplus.si\/vstopna-stran\/\" target=\"_blank\" rel=\"noopener\" itemprop=\"url\" aria-label=\"Http:\/\/www.erasmusplus.si\/vstopna stran\">\n\t\t\t\t<img decoding=\"async\" src=\"https:\/\/najdihojca.si\/wp-content\/uploads\/2019\/07\/ff6b5dad-3a56-4976-952a-351d593f7c18.png\" alt=\"ff6b5dad-3a56-4976-952a-351d593f7c18\" itemprop=\"image\" height=\"130\" width=\"259\" title=\"ff6b5dad-3a56-4976-952a-351d593f7c18\" onerror=\"this.style.display='none'\">\n\t\t\t\t<\/a>\n\n<\/body><\/html>\n","protected":false},"excerpt":{"rendered":"<p>CONTACTS Gorazdova ulica 6, 1000 Ljubljana, Slovenija Telefon: 01 515 59 20, Faks: 01 515 59 20 vrtec@najdihojca.si Basic company data: Tax number: SI13051571 Registration number: 5050219000 Registration number:: 5525026174 Activity code:&nbsp; 85.100 TRR: 01261-6030637635 PIC: 942861147 OID: E10067455 DIRECTOR: ANDREJA &Scaron;KVAR&#268; Telefon: 01 505 74 91 e-po&scaron;ta:&nbsp;andreja.skvarc@najdihojca.si Office hours: 9.00- 12.00 and 13.00 &ndash;&hellip;<\/p>\n","protected":false},"author":1,"featured_media":0,"parent":0,"menu_order":0,"comment_status":"closed","ping_status":"closed","template":"","meta":[],"yoast_head":"<!-- This site is optimized with the Yoast SEO plugin v20.5 - https:\/\/yoast.com\/wordpress\/plugins\/seo\/ -->\n<title>Contacts - Vrtec Najdihojca<\/title>\n<meta name=\"description\" content=\"Kontaktirajte nas preko tel.\u0161tevilke: 01 515 59 20 ali pa nam po\u0161ljite povpra\u0161evanje preko kontaktnega obrazca. Z veseljem vam bomo odgovorili.\" \/>\n<meta name=\"robots\" content=\"index, follow, max-snippet:-1, max-image-preview:large, max-video-preview:-1\" \/>\n<link rel=\"canonical\" href=\"https:\/\/najdihojca.si\/en\/contacts\/\" \/>\n<meta property=\"og:locale\" content=\"en_US\" \/>\n<meta property=\"og:type\" content=\"article\" \/>\n<meta property=\"og:title\" content=\"Contacts - Vrtec Najdihojca\" \/>\n<meta property=\"og:description\" content=\"Kontaktirajte nas preko tel.\u0161tevilke: 01 515 59 20 ali pa nam po\u0161ljite povpra\u0161evanje preko kontaktnega obrazca. Z veseljem vam bomo odgovorili.\" \/>\n<meta property=\"og:url\" content=\"https:\/\/najdihojca.si\/en\/contacts\/\" \/>\n<meta property=\"og:site_name\" content=\"Vrtec Najdihojca\" \/>\n<meta property=\"article:modified_time\" content=\"2021-01-21T17:05:16+00:00\" \/>\n<meta property=\"og:image\" content=\"https:\/\/najdihojca.si\/wp-content\/uploads\/2019\/07\/f6a5307b-d7ac-463e-8be1-b4b06e2e80b1.png\" \/>\n<meta name=\"twitter:card\" content=\"summary_large_image\" \/>\n<meta name=\"twitter:label1\" content=\"Est. reading time\" \/>\n\t<meta name=\"twitter:data1\" content=\"2 minutes\" \/>\n<script type=\"application\/ld+json\" class=\"yoast-schema-graph\">{\"@context\":\"https:\/\/schema.org\",\"@graph\":[{\"@type\":\"WebPage\",\"@id\":\"https:\/\/najdihojca.si\/en\/contacts\/\",\"url\":\"https:\/\/najdihojca.si\/en\/contacts\/\",\"name\":\"Contacts - Vrtec Najdihojca\",\"isPartOf\":{\"@id\":\"https:\/\/najdihojca.si\/#website\"},\"datePublished\":\"2019-07-04T11:43:17+00:00\",\"dateModified\":\"2021-01-21T17:05:16+00:00\",\"description\":\"Kontaktirajte nas preko tel.\u0161tevilke: 01 515 59 20 ali pa nam po\u0161ljite povpra\u0161evanje preko kontaktnega obrazca. Z veseljem vam bomo odgovorili.\",\"breadcrumb\":{\"@id\":\"https:\/\/najdihojca.si\/en\/contacts\/#breadcrumb\"},\"inLanguage\":\"en-US\",\"potentialAction\":[{\"@type\":\"ReadAction\",\"target\":[\"https:\/\/najdihojca.si\/en\/contacts\/\"]}]},{\"@type\":\"BreadcrumbList\",\"@id\":\"https:\/\/najdihojca.si\/en\/contacts\/#breadcrumb\",\"itemListElement\":[{\"@type\":\"ListItem\",\"position\":1,\"name\":\"Home\",\"item\":\"https:\/\/najdihojca.si\/en\/\"},{\"@type\":\"ListItem\",\"position\":2,\"name\":\"Contacts\"}]},{\"@type\":\"WebSite\",\"@id\":\"https:\/\/najdihojca.si\/#website\",\"url\":\"https:\/\/najdihojca.si\/\",\"name\":\"Vrtec Najdihojca\",\"description\":\"Javno vzgojno-izobra\u017eevalni zavod s sodobnimi pristopi\",\"potentialAction\":[{\"@type\":\"SearchAction\",\"target\":{\"@type\":\"EntryPoint\",\"urlTemplate\":\"https:\/\/najdihojca.si\/?s={search_term_string}\"},\"query-input\":\"required name=search_term_string\"}],\"inLanguage\":\"en-US\"}]}<\/script>\n<!-- \/ Yoast SEO plugin. -->","yoast_head_json":{"title":"Contacts - Vrtec Najdihojca","description":"Kontaktirajte nas preko tel.\u0161tevilke: 01 515 59 20 ali pa nam po\u0161ljite povpra\u0161evanje preko kontaktnega obrazca. Z veseljem vam bomo odgovorili.","robots":{"index":"index","follow":"follow","max-snippet":"max-snippet:-1","max-image-preview":"max-image-preview:large","max-video-preview":"max-video-preview:-1"},"canonical":"https:\/\/najdihojca.si\/en\/contacts\/","og_locale":"en_US","og_type":"article","og_title":"Contacts - Vrtec Najdihojca","og_description":"Kontaktirajte nas preko tel.\u0161tevilke: 01 515 59 20 ali pa nam po\u0161ljite povpra\u0161evanje preko kontaktnega obrazca. Z veseljem vam bomo odgovorili.","og_url":"https:\/\/najdihojca.si\/en\/contacts\/","og_site_name":"Vrtec Najdihojca","article_modified_time":"2021-01-21T17:05:16+00:00","og_image":[{"url":"https:\/\/najdihojca.si\/wp-content\/uploads\/2019\/07\/f6a5307b-d7ac-463e-8be1-b4b06e2e80b1.png"}],"twitter_card":"summary_large_image","twitter_misc":{"Est. reading time":"2 minutes"},"schema":{"@context":"https:\/\/schema.org","@graph":[{"@type":"WebPage","@id":"https:\/\/najdihojca.si\/en\/contacts\/","url":"https:\/\/najdihojca.si\/en\/contacts\/","name":"Contacts - Vrtec Najdihojca","isPartOf":{"@id":"https:\/\/najdihojca.si\/#website"},"datePublished":"2019-07-04T11:43:17+00:00","dateModified":"2021-01-21T17:05:16+00:00","description":"Kontaktirajte nas preko tel.\u0161tevilke: 01 515 59 20 ali pa nam po\u0161ljite povpra\u0161evanje preko kontaktnega obrazca. Z veseljem vam bomo odgovorili.","breadcrumb":{"@id":"https:\/\/najdihojca.si\/en\/contacts\/#breadcrumb"},"inLanguage":"en-US","potentialAction":[{"@type":"ReadAction","target":["https:\/\/najdihojca.si\/en\/contacts\/"]}]},{"@type":"BreadcrumbList","@id":"https:\/\/najdihojca.si\/en\/contacts\/#breadcrumb","itemListElement":[{"@type":"ListItem","position":1,"name":"Home","item":"https:\/\/najdihojca.si\/en\/"},{"@type":"ListItem","position":2,"name":"Contacts"}]},{"@type":"WebSite","@id":"https:\/\/najdihojca.si\/#website","url":"https:\/\/najdihojca.si\/","name":"Vrtec Najdihojca","description":"Javno vzgojno-izobra\u017eevalni zavod s sodobnimi pristopi","potentialAction":[{"@type":"SearchAction","target":{"@type":"EntryPoint","urlTemplate":"https:\/\/najdihojca.si\/?s={search_term_string}"},"query-input":"required name=search_term_string"}],"inLanguage":"en-US"}]}},"_links":{"self":[{"href":"https:\/\/najdihojca.si\/en\/wp-json\/wp\/v2\/pages\/1722"}],"collection":[{"href":"https:\/\/najdihojca.si\/en\/wp-json\/wp\/v2\/pages"}],"about":[{"href":"https:\/\/najdihojca.si\/en\/wp-json\/wp\/v2\/types\/page"}],"author":[{"embeddable":true,"href":"https:\/\/najdihojca.si\/en\/wp-json\/wp\/v2\/users\/1"}],"replies":[{"embeddable":true,"href":"https:\/\/najdihojca.si\/en\/wp-json\/wp\/v2\/comments?post=1722"}],"version-history":[{"count":15,"href":"https:\/\/najdihojca.si\/en\/wp-json\/wp\/v2\/pages\/1722\/revisions"}],"predecessor-version":[{"id":3989,"href":"https:\/\/najdihojca.si\/en\/wp-json\/wp\/v2\/pages\/1722\/revisions\/3989"}],"wp:attachment":[{"href":"https:\/\/najdihojca.si\/en\/wp-json\/wp\/v2\/media?parent=1722"}],"curies":[{"name":"wp","href":"https:\/\/api.w.org\/{rel}","templated":true}]}}